{"id":1556,"date":"2021-02-03T10:37:21","date_gmt":"2021-02-03T09:37:21","guid":{"rendered":"https:\/\/tabasco.ch\/impressum\/"},"modified":"2023-10-31T09:16:19","modified_gmt":"2023-10-31T08:16:19","slug":"mentions-legales","status":"publish","type":"page","link":"https:\/\/tabasco.ch\/fr\/mentions-legales\/","title":{"rendered":"Mentions l\u00e9gales"},"content":{"rendered":"<div class=\"wpb-content-wrapper\"><p>[vc_row][vc_column][vc_empty_space height=\u00a0\u00bb40px\u00a0\u00bb][\/vc_column][\/vc_row][vc_row][vc_column][vc_column_text]<\/p>\n<h1>Mentions l\u00e9gales<\/h1>\n<p>[\/vc_column_text][\/vc_column][\/vc_row][vc_row][vc_column][vc_empty_space height=\u00a0\u00bb40px\u00a0\u00bb][\/vc_column][\/vc_row][vc_row][vc_column][vc_column_text]<\/p>\n<h2>Coordonn\u00e9es<\/h2>\n<p><strong>Haecky Import AG<\/strong><br \/>\nDuggingerstrasse 15<br \/>\nCH-4153 Reinach BL<\/p>\n<p>E: <a href=\"mailto:haecky@haecky.ch\">haecky@haecky.ch<\/a><br \/>\nT: <a href=\"tel:+41617168181\">+41 (0)61 716 81 81<\/a><\/p>\n<h2>Inscription au registre du commerce<\/h2>\n<p>Raison sociale: <strong>Haecky Import AG<br \/>\n<\/strong>N\u00b0 du registre du commerce: <strong>CH-280.3.915.016-5<br \/>\n<\/strong>Num\u00e9ro de TVA: <strong>CHE-101.795.472<\/strong><\/p>\n<h2>Clause de non-responsabilit\u00e9<\/h2>\n<p>L\u2019auteur ne peut en aucun cas \u00eatre tenu responsable de l\u2019exactitude , de la pr\u00e9cision, de l\u2019actualit\u00e9, de la fiabilit\u00e9 et de l\u2019exhaustivit\u00e9 des informations. Toute demande qui engage la responsabilit\u00e9 de l\u2019auteur concernant des dommages mat\u00e9riels ou immat\u00e9riels provenant de l\u2019acc\u00e8s aux informations publi\u00e9es ou de leur utilisation, d\u2019un mauvais usage de la connexion ou de perturbations techniques, est exclue. Toutes les offres pr\u00e9sent\u00e9es sont sans engagement. L\u2019auteur se r\u00e9serve express\u00e9ment le droit de modifier, de compl\u00e9ter ou de supprimer certaines parties des pages ou l\u2019ensemble de l\u2019offre sans pr\u00e9avis particulier ou de cesser temporairement ou d\u00e9finitivement la publication des informations.<\/p>\n<h2>Clause de non-responsabilit\u00e9 pour les liens<\/h2>\n<p>Nous ne pouvons pas \u00eatre tenus responsables des r\u00e9f\u00e9rences et des liens vers des sites Internet tiers. Nous d\u00e9clinons toute responsabilit\u00e9 concernant ces sites. L\u2019acc\u00e8s et l\u2019utilisation de tels sites Internet se font aux risques et p\u00e9rils de l\u2019utilisateur concern\u00e9.<\/p>\n<h2>Droits d\u2019auteur<\/h2>\n<p>Les droits d\u2019auteur et tout autre droit li\u00e9 au contenu, aux images, aux photos ou aux autres donn\u00e9es de ce site Internet sont la propri\u00e9t\u00e9 exclusive\u00a0<strong>de l\u2019entreprise Haecky Import AG<\/strong>\u00a0ou des d\u00e9tenteurs de droits express\u00e9ment cit\u00e9s. La reproduction de tout \u00e9l\u00e9ment n\u00e9cessite l\u2019autorisation \u00e9crite pr\u00e9alable du d\u00e9tenteur des droits d\u2019auteur.[\/vc_column_text][\/vc_column][\/vc_row][vc_row][vc_column][vc_empty_space height=\u00a0\u00bb40px\u00a0\u00bb][\/vc_column][\/vc_row]<\/p>\n<\/div>","protected":false},"excerpt":{"rendered":"<p>[vc_row][vc_column][vc_empty_space height=\u00a0\u00bb40px\u00a0\u00bb][\/vc_column][\/vc_row][vc_row][vc_column][vc_column_text] Mentions l\u00e9gales [\/vc_column_text][\/vc_column][\/vc_row][vc_row][vc_column][vc_empty_space height=\u00a0\u00bb40px\u00a0\u00bb][\/vc_column][\/vc_row][vc_row][vc_column][vc_column_text] Coordonn\u00e9es Haecky Import AG Duggingerstrasse 15 CH-4153 Reinach BL E: haecky@haecky.ch T: +41 (0)61 716 81 81 Inscription au registre du commerce Raison sociale: Haecky Import AG N\u00b0 du registre du commerce: CH-280.3.915.016-5 Num\u00e9ro de TVA: CHE-101.795.472 Clause de non-responsabilit\u00e9 L\u2019auteur ne peut en aucun cas \u00eatre tenu responsable &#8230; <a title=\"Mentions l\u00e9gales\" class=\"read-more\" href=\"https:\/\/tabasco.ch\/fr\/mentions-legales\/\" aria-label=\"Read more about Mentions l\u00e9gales\">Read more<\/a><\/p>\n","protected":false},"author":1024,"featured_media":0,"parent":0,"menu_order":8888,"comment_status":"closed","ping_status":"closed","template":"","meta":{"_acf_changed":false,"footnotes":""},"acf":[],"_links":{"self":[{"href":"https:\/\/tabasco.ch\/fr\/wp-json\/wp\/v2\/pages\/1556"}],"collection":[{"href":"https:\/\/tabasco.ch\/fr\/wp-json\/wp\/v2\/pages"}],"about":[{"href":"https:\/\/tabasco.ch\/fr\/wp-json\/wp\/v2\/types\/page"}],"author":[{"embeddable":true,"href":"https:\/\/tabasco.ch\/fr\/wp-json\/wp\/v2\/users\/1024"}],"replies":[{"embeddable":true,"href":"https:\/\/tabasco.ch\/fr\/wp-json\/wp\/v2\/comments?post=1556"}],"version-history":[{"count":1,"href":"https:\/\/tabasco.ch\/fr\/wp-json\/wp\/v2\/pages\/1556\/revisions"}],"predecessor-version":[{"id":1883,"href":"https:\/\/tabasco.ch\/fr\/wp-json\/wp\/v2\/pages\/1556\/revisions\/1883"}],"wp:attachment":[{"href":"https:\/\/tabasco.ch\/fr\/wp-json\/wp\/v2\/media?parent=1556"}],"curies":[{"name":"wp","href":"https:\/\/api.w.org\/{rel}","templated":true}]}}