{"id":1540,"date":"2021-03-23T15:28:22","date_gmt":"2021-03-23T14:28:22","guid":{"rendered":"https:\/\/tabasco.ch\/tabasco-snacks\/"},"modified":"2021-06-25T09:19:03","modified_gmt":"2021-06-25T07:19:03","slug":"tabasco-snacks","status":"publish","type":"page","link":"https:\/\/tabasco.ch\/fr\/tabasco-snacks\/","title":{"rendered":"TABASCO\u00ae Snacks"},"content":{"rendered":"<div class=\"wpb-content-wrapper\"><p>[vc_row full_width=\u00a0\u00bbstretch_row_content_no_spaces\u00a0\u00bb][vc_column][vc_column_text]<div id=\"hero\">\n        <div class=\"hero-wrapper hero-image\" style=\"background-image: url(https:\/\/tabasco.ch\/wp-content\/uploads\/tabasco.ch-tabasco-brand-snacks-group-header-web.jpg);\">\n        <div class=\"hero-title\">    \n            <h1>Snacks<\/h1>\n        <\/div>\n    <\/div>\n<\/div>[\/vc_column_text][\/vc_column][\/vc_row][vc_row][vc_column][vc_empty_space height=\u00a0\u00bb40px\u00a0\u00bb][\/vc_column][\/vc_row][vc_row][vc_column][vc_column_text]<\/p>\n<h2>Le plaisir du grignotage avec la finale \u00e9pic\u00e9e.<\/h2>\n<p>[\/vc_column_text][vc_empty_space height=\u00a0\u00bb20px\u00a0\u00bb][vc_column_text]Le pop-corn JIMMY&rsquo;s avec Tabasco contient moins de graisses, de sucre et de sel que le pop-corn conventionnel et est naturellement aussi riche en fibres saines.[\/vc_column_text][\/vc_column][\/vc_row][vc_row][vc_column][vc_empty_space height=\u00a0\u00bb40px\u00a0\u00bb][\/vc_column][\/vc_row][vc_row][vc_column][vc_column_text]<div class=\"product-overview\">\n\t<div class=\"product-wrapper\">\n\t\t<h2><\/h2>\n\t\t  \n\t\t<div class=\"product-card-wrapper\"> \n\t     \n\t\t\t<div class=\"product-card-snacks\">    \n\t\t\t\t<a href=\"https:\/\/tabasco.ch\/fr\/snacks\/tabasco-brand-sweet-chili-cheese-popcorn\/\">\n\t\t\t\t\t<div class=\"product-card-content-wrapper\">\n\t\t\t\t\t\t<!-- <div class=\"product-card-scoville-rating\">\n\t\t\t\t\t\t\t\t\t\t\t\t\t<img decoding=\"async\" src=\"https:\/\/tabasco.ch\/wp-content\/uploads\/tabasco-scoville-rating-01.svg\" \/>\n\t\t\t\t\t\t\t\t\t\t\t\t<\/div> -->\n\t\t\t\t\t\t<div class=\"product-card-image\">\n\t\t\t\t\t\t\t<img decoding=\"async\" src=\"https:\/\/tabasco.ch\/wp-content\/uploads\/TABASCO-BRAND-Sweet-Chili-Cheese-Popcorn.png\" alt=\"\" \/>\n\t\t\t\t\t\t<\/div>                        \n\t\t\t\t\t\t<div class=\"product-card-content\">      \n\t\t\t\t\t\t\t<h3>Sweet Chili Cheese Popcorn<\/h3>\n\t\t\t\t\t\t\t<p>Juste ce qu'il faut pour ceux qui appr\u00e9cient une note \u00e9pic\u00e9e lors du grignotage.<\/p>\n\t\t\t\t\t\t<\/div>\n\n\t\t\t\t\t<\/div>    \n\t\t\t\t<\/a>\n\t\t\t<\/div>\n\t\t \n\t\t\t<div class=\"product-card-snacks\">    \n\t\t\t\t<a href=\"https:\/\/tabasco.ch\/fr\/snacks\/tabasco-brand-sweet-chili-bbq-popcorn\/\">\n\t\t\t\t\t<div class=\"product-card-content-wrapper\">\n\t\t\t\t\t\t<!-- <div class=\"product-card-scoville-rating\">\n\t\t\t\t\t\t\t\t\t\t\t\t\t<img decoding=\"async\" src=\"https:\/\/tabasco.ch\/wp-content\/uploads\/tabasco-scoville-rating-01.svg\" \/>\n\t\t\t\t\t\t\t\t\t\t\t\t<\/div> -->\n\t\t\t\t\t\t<div class=\"product-card-image\">\n\t\t\t\t\t\t\t<img decoding=\"async\" src=\"https:\/\/tabasco.ch\/wp-content\/uploads\/TABASCO-BRAND-Sweet-Chili-BBQ-Popcorn.png\" alt=\"\" \/>\n\t\t\t\t\t\t<\/div>                        \n\t\t\t\t\t\t<div class=\"product-card-content\">      \n\t\t\t\t\t\t\t<h3>Sweet Chili BBQ Popcorn<\/h3>\n\t\t\t\t\t\t\t<p>Le plaisir du grignotage croquant avec la douce saveur du barbecue et la chaleur \u00e9pic\u00e9e du Tabasco.<\/p>\n\t\t\t\t\t\t<\/div>\n\n\t\t\t\t\t<\/div>    \n\t\t\t\t<\/a>\n\t\t\t<\/div>\n\t\t\t<\/div>\n<\/div>[\/vc_column_text][\/vc_column][\/vc_row][vc_row][vc_column][vc_empty_space height=\u00a0\u00bb40px\u00a0\u00bb][\/vc_column][\/vc_row]<\/p>\n<\/div>","protected":false},"excerpt":{"rendered":"<p>[vc_row full_width=\u00a0\u00bbstretch_row_content_no_spaces\u00a0\u00bb][vc_column][vc_column_text][\/vc_column_text][\/vc_column][\/vc_row][vc_row][vc_column][vc_empty_space height=\u00a0\u00bb40px\u00a0\u00bb][\/vc_column][\/vc_row][vc_row][vc_column][vc_column_text] Le plaisir du grignotage avec la finale \u00e9pic\u00e9e. [\/vc_column_text][vc_empty_space height=\u00a0\u00bb20px\u00a0\u00bb][vc_column_text]Le pop-corn JIMMY&rsquo;s avec Tabasco contient moins de graisses, de sucre et de sel que le pop-corn conventionnel et est naturellement aussi riche en fibres saines.[\/vc_column_text][\/vc_column][\/vc_row][vc_row][vc_column][vc_empty_space height=\u00a0\u00bb40px\u00a0\u00bb][\/vc_column][\/vc_row][vc_row][vc_column][vc_column_text][\/vc_column_text][\/vc_column][\/vc_row][vc_row][vc_column][vc_empty_space height=\u00a0\u00bb40px\u00a0\u00bb][\/vc_column][\/vc_row]<\/p>\n","protected":false},"author":1024,"featured_media":1596,"parent":0,"menu_order":15,"comment_status":"closed","ping_status":"closed","template":"","meta":{"_acf_changed":false,"footnotes":""},"acf":[],"_links":{"self":[{"href":"https:\/\/tabasco.ch\/fr\/wp-json\/wp\/v2\/pages\/1540"}],"collection":[{"href":"https:\/\/tabasco.ch\/fr\/wp-json\/wp\/v2\/pages"}],"about":[{"href":"https:\/\/tabasco.ch\/fr\/wp-json\/wp\/v2\/types\/page"}],"author":[{"embeddable":true,"href":"https:\/\/tabasco.ch\/fr\/wp-json\/wp\/v2\/users\/1024"}],"replies":[{"embeddable":true,"href":"https:\/\/tabasco.ch\/fr\/wp-json\/wp\/v2\/comments?post=1540"}],"version-history":[{"count":0,"href":"https:\/\/tabasco.ch\/fr\/wp-json\/wp\/v2\/pages\/1540\/revisions"}],"wp:featuredmedia":[{"embeddable":true,"href":"https:\/\/tabasco.ch\/fr\/wp-json\/wp\/v2\/media\/1596"}],"wp:attachment":[{"href":"https:\/\/tabasco.ch\/fr\/wp-json\/wp\/v2\/media?parent=1540"}],"curies":[{"name":"wp","href":"https:\/\/api.w.org\/{rel}","templated":true}]}}