{"id":1537,"date":"2019-11-19T12:58:57","date_gmt":"2019-11-19T10:58:57","guid":{"rendered":"https:\/\/tabasco.ch\/unsere-saucen\/"},"modified":"2021-06-25T07:00:21","modified_gmt":"2021-06-25T05:00:21","slug":"nos-sauces","status":"publish","type":"page","link":"https:\/\/tabasco.ch\/fr\/nos-sauces\/","title":{"rendered":"Nos sauces"},"content":{"rendered":"<div class=\"wpb-content-wrapper\"><p>[vc_row full_width=\u00a0\u00bbstretch_row_content_no_spaces\u00a0\u00bb][vc_column][vc_column_text]<div id=\"hero\">\n        <div class=\"hero-wrapper hero-image\" style=\"background-image: url(https:\/\/tabasco.ch\/wp-content\/uploads\/tabasco.ch-tabasco-brand-sauces-group-header-web.jpg);\">\n        <div class=\"hero-title\">    \n            <h1>Nos sauces<\/h1>\n        <\/div>\n    <\/div>\n<\/div>[\/vc_column_text][\/vc_column][\/vc_row][vc_row][vc_column][vc_empty_space height=\u00a0\u00bb40px\u00a0\u00bb][\/vc_column][\/vc_row][vc_row][vc_column][vc_column_text]<\/p>\n<h2 class=\"p1\">Une famille de saveurs<\/h2>\n<p>[\/vc_column_text][vc_empty_space height=\u00a0\u00bb20px\u00a0\u00bb][vc_column_text]C\u2019est l\u2019entreprise McIlhenny qui fabrique la sauce piquante TABASCO\u00ae depuis 1868. La recette originale, toujours utilis\u00e9e aujourd\u2019hui, a \u00e9t\u00e9 \u00e9labor\u00e9e par le patriarche Edmund McIlhenny, qui a plant\u00e9 les premiers piments dans les ann\u00e9es 1860 sur l\u2019\u00eele Petite Anse (Avery Island) aux \u00c9tats-Unis.[\/vc_column_text][\/vc_column][\/vc_row][vc_row][vc_column][vc_empty_space height=\u00a0\u00bb40px\u00a0\u00bb][\/vc_column][\/vc_row][vc_row][vc_column][vc_column_text]<div class=\"product-overview\">\n\t<div class=\"product-wrapper\">\n\t\t<h2><\/h2>\n\t\t  \n\t\t<div class=\"product-card-wrapper\"> \n\t     \n\t\t\t<div class=\"product-card\">    \n\t\t\t\t<a href=\"https:\/\/tabasco.ch\/fr\/sauces\/tabasco-brand-original-red-sauce\/\">\n\t\t\t\t\t<div class=\"product-card-content-wrapper\">\n\t\t\t\t\t\t<div class=\"product-card-scoville-rating\">\n\t\t\t\t\t\t\t\t\t\t\t\t\t<img decoding=\"async\" src=\"https:\/\/tabasco.ch\/wp-content\/uploads\/tabasco-scoville-rating-03.svg\" \/>\n\t\t\t\t\t\t\t\t\t\t\t\t<\/div>\n\t\t\t\t\t\t<div class=\"product-card-image\">\n\t\t\t\t\t\t\t<img decoding=\"async\" src=\"https:\/\/tabasco.ch\/wp-content\/uploads\/tabasco-brand-sauce-bottle-60ml-original-red-sauce.png\" alt=\"\" \/>\n\t\t\t\t\t\t<\/div>                        \n\t\t\t\t\t\t<div class=\"product-card-content\">      \n\t\t\t\t\t\t\t<h3>Original Red Sauce<\/h3>\n\t\t\t\t\t\t\t<p>La sauce originale aux piments rouges tabasco est fabriqu\u00e9e depuis 1868 \u00e0 partir de la recette familiale.<\/p>\n\t\t\t\t\t\t<\/div>\n\n\t\t\t\t\t<\/div>    \n\t\t\t\t<\/a>\n\t\t\t<\/div>\n\t\t \n\t\t\t<div class=\"product-card\">    \n\t\t\t\t<a href=\"https:\/\/tabasco.ch\/fr\/sauces\/tabasco-brand-green-jalapeno-sauce\/\">\n\t\t\t\t\t<div class=\"product-card-content-wrapper\">\n\t\t\t\t\t\t<div class=\"product-card-scoville-rating\">\n\t\t\t\t\t\t\t\t\t\t\t\t\t<img decoding=\"async\" src=\"https:\/\/tabasco.ch\/wp-content\/uploads\/tabasco-scoville-rating-01.svg\" \/>\n\t\t\t\t\t\t\t\t\t\t\t\t<\/div>\n\t\t\t\t\t\t<div class=\"product-card-image\">\n\t\t\t\t\t\t\t<img decoding=\"async\" src=\"https:\/\/tabasco.ch\/wp-content\/uploads\/tabasco-brand-sauce-bottle-60ml-green-jalapeno-sauce.png\" alt=\"\" \/>\n\t\t\t\t\t\t<\/div>                        \n\t\t\t\t\t\t<div class=\"product-card-content\">      \n\t\t\t\t\t\t\t<h3>Jalape\u00f1o Sauce<\/h3>\n\t\t\t\t\t\t\t<p>Notre variante moins relev\u00e9e est faite \u00e0 partir de piments verts jalape\u00f1os plus doux.<\/p>\n\t\t\t\t\t\t<\/div>\n\n\t\t\t\t\t<\/div>    \n\t\t\t\t<\/a>\n\t\t\t<\/div>\n\t\t \n\t\t\t<div class=\"product-card\">    \n\t\t\t\t<a href=\"https:\/\/tabasco.ch\/fr\/sauces\/tabasco-brand-chipotle-pepper-sauce\/\">\n\t\t\t\t\t<div class=\"product-card-content-wrapper\">\n\t\t\t\t\t\t<div class=\"product-card-scoville-rating\">\n\t\t\t\t\t\t\t\t\t\t\t\t\t<img decoding=\"async\" src=\"https:\/\/tabasco.ch\/wp-content\/uploads\/tabasco-scoville-rating-02.svg\" \/>\n\t\t\t\t\t\t\t\t\t\t\t\t<\/div>\n\t\t\t\t\t\t<div class=\"product-card-image\">\n\t\t\t\t\t\t\t<img decoding=\"async\" src=\"https:\/\/tabasco.ch\/wp-content\/uploads\/tabasco-brand-sauce-bottle-60ml-chipotle-pepper-sauce.png\" alt=\"\" \/>\n\t\t\t\t\t\t<\/div>                        \n\t\t\t\t\t\t<div class=\"product-card-content\">      \n\t\t\t\t\t\t\t<h3>Chipotle Sauce<\/h3>\n\t\t\t\t\t\t\t<p>Saveur barbecue \u00e9pic\u00e9e, faite \u00e0 partir de piments jalape\u00f1os fum\u00e9s<\/p>\n\t\t\t\t\t\t<\/div>\n\n\t\t\t\t\t<\/div>    \n\t\t\t\t<\/a>\n\t\t\t<\/div>\n\t\t \n\t\t\t<div class=\"product-card\">    \n\t\t\t\t<a href=\"https:\/\/tabasco.ch\/fr\/sauces\/tabasco-brand-habanero-pepper-sauce\/\">\n\t\t\t\t\t<div class=\"product-card-content-wrapper\">\n\t\t\t\t\t\t<div class=\"product-card-scoville-rating\">\n\t\t\t\t\t\t\t\t\t\t\t\t\t<img decoding=\"async\" src=\"https:\/\/tabasco.ch\/wp-content\/uploads\/tabasco-scoville-rating-04.svg\" \/>\t\n\t\t\t\t\t\t\t\t\t\t\t\t<\/div>\n\t\t\t\t\t\t<div class=\"product-card-image\">\n\t\t\t\t\t\t\t<img decoding=\"async\" src=\"https:\/\/tabasco.ch\/wp-content\/uploads\/tabasco-brand-sauce-bottle-60ml-habanero-sauce.png\" alt=\"\" \/>\n\t\t\t\t\t\t<\/div>                        \n\t\t\t\t\t\t<div class=\"product-card-content\">      \n\t\t\t\t\t\t\t<h3>Habanero Sauce<\/h3>\n\t\t\t\t\t\t\t<p>Notre sauce tr\u00e8s piquante et fruit\u00e9e est \u00e0 base de piment habanero et de fruits exotiques<\/p>\n\t\t\t\t\t\t<\/div>\n\n\t\t\t\t\t<\/div>    \n\t\t\t\t<\/a>\n\t\t\t<\/div>\n\t\t \n\t\t\t<div class=\"product-card\">    \n\t\t\t\t<a href=\"https:\/\/tabasco.ch\/fr\/sauces\/tabasco-brand-sriracha-sauce\/\">\n\t\t\t\t\t<div class=\"product-card-content-wrapper\">\n\t\t\t\t\t\t<div class=\"product-card-scoville-rating\">\n\t\t\t\t\t\t\t\t\t\t\t\t\t<img decoding=\"async\" src=\"https:\/\/tabasco.ch\/wp-content\/uploads\/tabasco-scoville-rating-02.svg\" \/>\n\t\t\t\t\t\t\t\t\t\t\t\t<\/div>\n\t\t\t\t\t\t<div class=\"product-card-image\">\n\t\t\t\t\t\t\t<img decoding=\"async\" src=\"https:\/\/tabasco.ch\/wp-content\/uploads\/tabasco-brand-sauce-bottle-265ml-sriracha-sauce.png\" alt=\"\" \/>\n\t\t\t\t\t\t<\/div>                        \n\t\t\t\t\t\t<div class=\"product-card-content\">      \n\t\t\t\t\t\t\t<h3>Sriracha Sauce<\/h3>\n\t\t\t\t\t\t\t<p>Sauce piquante aux saveurs tha\u00ef inspir\u00e9e de la street food<\/p>\n\t\t\t\t\t\t<\/div>\n\n\t\t\t\t\t<\/div>    \n\t\t\t\t<\/a>\n\t\t\t<\/div>\n\t\t\t<\/div>\n<\/div>[\/vc_column_text][\/vc_column][\/vc_row][vc_row][vc_column][vc_empty_space height=\u00a0\u00bb40px\u00a0\u00bb][\/vc_column][\/vc_row]<\/p>\n<\/div>","protected":false},"excerpt":{"rendered":"<p>[vc_row full_width=\u00a0\u00bbstretch_row_content_no_spaces\u00a0\u00bb][vc_column][vc_column_text][\/vc_column_text][\/vc_column][\/vc_row][vc_row][vc_column][vc_empty_space height=\u00a0\u00bb40px\u00a0\u00bb][\/vc_column][\/vc_row][vc_row][vc_column][vc_column_text] Une famille de saveurs [\/vc_column_text][vc_empty_space height=\u00a0\u00bb20px\u00a0\u00bb][vc_column_text]C\u2019est l\u2019entreprise McIlhenny qui fabrique la sauce piquante TABASCO\u00ae depuis 1868. La recette originale, toujours utilis\u00e9e aujourd\u2019hui, a \u00e9t\u00e9 \u00e9labor\u00e9e par le patriarche Edmund McIlhenny, qui a plant\u00e9 les premiers piments dans les ann\u00e9es 1860 sur l\u2019\u00eele Petite Anse (Avery Island) aux \u00c9tats-Unis.[\/vc_column_text][\/vc_column][\/vc_row][vc_row][vc_column][vc_empty_space height=\u00a0\u00bb40px\u00a0\u00bb][\/vc_column][\/vc_row][vc_row][vc_column][vc_column_text][\/vc_column_text][\/vc_column][\/vc_row][vc_row][vc_column][vc_empty_space height=\u00a0\u00bb40px\u00a0\u00bb][\/vc_column][\/vc_row]<\/p>\n","protected":false},"author":1024,"featured_media":1322,"parent":0,"menu_order":10,"comment_status":"closed","ping_status":"closed","template":"","meta":{"_acf_changed":false,"footnotes":""},"acf":[],"_links":{"self":[{"href":"https:\/\/tabasco.ch\/fr\/wp-json\/wp\/v2\/pages\/1537"}],"collection":[{"href":"https:\/\/tabasco.ch\/fr\/wp-json\/wp\/v2\/pages"}],"about":[{"href":"https:\/\/tabasco.ch\/fr\/wp-json\/wp\/v2\/types\/page"}],"author":[{"embeddable":true,"href":"https:\/\/tabasco.ch\/fr\/wp-json\/wp\/v2\/users\/1024"}],"replies":[{"embeddable":true,"href":"https:\/\/tabasco.ch\/fr\/wp-json\/wp\/v2\/comments?post=1537"}],"version-history":[{"count":0,"href":"https:\/\/tabasco.ch\/fr\/wp-json\/wp\/v2\/pages\/1537\/revisions"}],"wp:featuredmedia":[{"embeddable":true,"href":"https:\/\/tabasco.ch\/fr\/wp-json\/wp\/v2\/media\/1322"}],"wp:attachment":[{"href":"https:\/\/tabasco.ch\/fr\/wp-json\/wp\/v2\/media?parent=1537"}],"curies":[{"name":"wp","href":"https:\/\/api.w.org\/{rel}","templated":true}]}}