{"id":1534,"date":"2021-05-17T11:25:31","date_gmt":"2021-05-17T09:25:31","guid":{"rendered":"https:\/\/tabasco.ch\/startseite\/"},"modified":"2021-06-25T06:57:48","modified_gmt":"2021-06-25T04:57:48","slug":"startseite","status":"publish","type":"page","link":"https:\/\/tabasco.ch\/fr\/","title":{"rendered":"Page d&rsquo;accueil"},"content":{"rendered":"<div class=\"wpb-content-wrapper\"><p>[vc_row full_width=\u00a0\u00bbstretch_row_content_no_spaces\u00a0\u00bb][vc_column][vc_column_text]<div id=\"hero-block\">\n    <div class=\"hero-wrapper\">\n            <div class=\"hero-block-video-wrapper\">\n            <video id=\"hero-video\" width=\"100%\" height=\"auto\" muted=\"\" loop=\"\" autoplay=\"\" autobuffer=\"\" playsinline=\"\" preload=\"\">\n                <source poster=\"\" src=\"https:\/\/tabasco.ch\/wp-content\/uploads\/tabasco-ch-flavour-your-world-15-final.mp4\" type=\"video\/mp4\">\n            <\/video>\n        <\/div>\n            <\/div>\n        <div class=\"hero-block-title\">    \n            <h1>La touche indispensable de votre cuisine depuis plus de 150\u00a0ans!<\/h1>\n            <h2><\/h2>\n        <\/div>\n    <\/div>\n<\/div>[\/vc_column_text][\/vc_column][\/vc_row][vc_row full_width=\u00a0\u00bbstretch_row\u00a0\u00bb css=\u00a0\u00bb.vc_custom_1613132645051{background-color: #ffffff !important;}\u00a0\u00bb][vc_column][vc_empty_space height=\u00a0\u00bb40px\u00a0\u00bb][vc_column_text]<\/p>\n<h2 class=\"p1\">Sauces de la marque TABASCO\u00ae<\/h2>\n<p>[\/vc_column_text][vc_empty_space height=\u00a0\u00bb20px\u00a0\u00bb][vc_column_text]TABASCO\u00ae est plus qu\u2019une simple sauce piquante rouge. Elle se d\u00e9cline d\u2019ailleurs en 5\u00a0vari\u00e9t\u00e9s diff\u00e9rentes: chacune d\u2019entre elles est unique en son genre et apporte une touche particuli\u00e8re \u00e0 vos plats.<\/p>\n<p>C\u2019est l\u2019entreprise McIlhenny qui fabrique la sauce piquante TABASCO\u00ae depuis 1868. La recette originale, toujours utilis\u00e9e aujourd\u2019hui, a \u00e9t\u00e9 \u00e9labor\u00e9e par le patriarche Edmund McIlhenny, qui a plant\u00e9 les premiers piments dans les ann\u00e9es 1860 sur l\u2019\u00eele Petite Anse (Avery Island) aux \u00c9tats-Unis.<\/p>\n<p>La sauce piquante TABASCO\u00ae est compos\u00e9e de trois ingr\u00e9dients: des piments rouges arriv\u00e9s \u00e0 pleine maturation, du vinaigre d\u2019alcool et une pointe de sel, directement pr\u00e9lev\u00e9 sur l\u2019\u00eele Petite Anse. La sauce piquante TABASCO\u00ae est donc un produit enti\u00e8rement naturel.[\/vc_column_text][vc_empty_space height=\u00a0\u00bb40px\u00a0\u00bb][\/vc_column][\/vc_row][vc_row][vc_column][vc_empty_space height=\u00a0\u00bb40px\u00a0\u00bb][\/vc_column][\/vc_row][vc_row][vc_column][vc_column_text]<div class=\"home-block\">\n    <div class=\"row\">\n                    <a class=\"column-wrapper\" href=\"https:\/\/tabasco.ch\/fr\/nos-sauces\/\">\n                    <div class=\"column\" style=\"background-image: url('https:\/\/tabasco.ch\/wp-content\/uploads\/tabasco.ch-tabasco-brand-sauces-group-header-web.jpg') ;\">\n                <h2>Nos sauces<\/h2>\n            <\/div>\n        <\/a>\n                            <a class=\"column-wrapper\" href=\"https:\/\/tabasco.ch\/fr\/tabasco-snacks\/\">\n                    <div class=\"column\" style=\"background-image: url('https:\/\/tabasco.ch\/wp-content\/uploads\/tabasco.ch-tabasco-brand-snacks-neu.jpg') ;\">\n                <h2>TABASCO\u00ae Snacks<\/h2>\n            <\/div>\n        <\/a>\n                            <a class=\"column-wrapper\" href=\"https:\/\/tabasco.ch\/fr\/a-propos-de-nous\/\">\n                    <div class=\"column\" style=\"background-image: url('https:\/\/tabasco.ch\/wp-content\/uploads\/tabasco.ch-tabasco-brand-sauces-about-us-avery-island-field-header-web.jpg') ;\">\n                <h2>\u00cele Petite Anse \u2013 l\u2019\u00eele aux piments<\/h2>\n            <\/div>\n        <\/a>\n                            <a class=\"column-wrapper\" href=\"https:\/\/tabasco.ch\/fr\/a-propos-de-nous\/fabrication\/\">\n                    <div class=\"column\" style=\"background-image: url('https:\/\/tabasco.ch\/wp-content\/uploads\/tabasco.ch-tabasco-brand-sauces-about-us-production-process-fields-header-web.jpg') ;\">\n                <h2>D\u00e9couvrir la fabrication de nos sauces<\/h2>\n            <\/div>\n        <\/a>\n                <\/div>\n<\/div>\n[\/vc_column_text][\/vc_column][\/vc_row][vc_row full_width=\u00a0\u00bbstretch_row\u00a0\u00bb css=\u00a0\u00bb.vc_custom_1612941111540{background-color: #ffffff !important;}\u00a0\u00bb][vc_column][vc_row_inner][vc_column_inner][vc_column_text]<div class=\"sauce-recipes-latest\"> \n\t<div class=\"sauce-recipes-wrapper\">\n\t<h2>Nos derni\u00e8res recettes<\/h2>\t\n\t  \n\t\t\t\t<div class=\"recipe-card-wrapper\"> \n\t\t \n\t\t\t<div class=\"recipe-card\">  \n\t\t\t\t<a href=\"https:\/\/tabasco.ch\/fr\/recettes\/pho-au-poulet\/\"> \n\t\t\t\t\t<div class=\"recipe-card-header-image\">\n\t\t\t\t\t\t<img decoding=\"async\" src=\"https:\/\/tabasco.ch\/wp-content\/uploads\/tabasco.ch-tabasco-brand-sauces-recipes-chicken-pho-soup-sriracha-sauce-header-web.jpg\" alt=\"\" \/>\n\t\t\t\t\t<\/div> \n\t\t\t\t    <div class=\"recipe-card-content\">\n\t\t\t\t\t\t<h3>Ph\u00f4 au poulet<\/h3>\n\t\t\t\t\t<\/div>\n\t\t\t\t<\/a>\n\t\t\t<\/div>\n\t\t \n\t\t\t<div class=\"recipe-card\">  \n\t\t\t\t<a href=\"https:\/\/tabasco.ch\/fr\/recettes\/riz-frit\/\"> \n\t\t\t\t\t<div class=\"recipe-card-header-image\">\n\t\t\t\t\t\t<img decoding=\"async\" src=\"https:\/\/tabasco.ch\/wp-content\/uploads\/tabasco.ch-tabasco-brand-sauces-recipes-fried-rice-sriracha-sauce-header-web.jpg\" alt=\"\" \/>\n\t\t\t\t\t<\/div> \n\t\t\t\t    <div class=\"recipe-card-content\">\n\t\t\t\t\t\t<h3>Riz frit<\/h3>\n\t\t\t\t\t<\/div>\n\t\t\t\t<\/a>\n\t\t\t<\/div>\n\t\t \n\t\t\t<div class=\"recipe-card\">  \n\t\t\t\t<a href=\"https:\/\/tabasco.ch\/fr\/recettes\/houmous-a-lavocat\/\"> \n\t\t\t\t\t<div class=\"recipe-card-header-image\">\n\t\t\t\t\t\t<img decoding=\"async\" src=\"https:\/\/tabasco.ch\/wp-content\/uploads\/tabasco.ch-tabasco-brand-sauces-recipes-hummus-acocado-dip-green-jalapeno-pepper-sauce-header-web.jpg\" alt=\"\" \/>\n\t\t\t\t\t<\/div> \n\t\t\t\t    <div class=\"recipe-card-content\">\n\t\t\t\t\t\t<h3>Houmous \u00e0 l&rsquo;avocat<\/h3>\n\t\t\t\t\t<\/div>\n\t\t\t\t<\/a>\n\t\t\t<\/div>\n\t\t \n\t\t\t<div class=\"recipe-card\">  \n\t\t\t\t<a href=\"https:\/\/tabasco.ch\/fr\/recettes\/sweet-potatoes\/\"> \n\t\t\t\t\t<div class=\"recipe-card-header-image\">\n\t\t\t\t\t\t<img decoding=\"async\" src=\"https:\/\/tabasco.ch\/wp-content\/uploads\/tabasco.ch-tabasco-brand-sauces-recipes-suesskartoffeln-green-jalapeno-pepper-sauce-header-web.jpg\" alt=\"\" \/>\n\t\t\t\t\t<\/div> \n\t\t\t\t    <div class=\"recipe-card-content\">\n\t\t\t\t\t\t<h3>Sweet Potatoes<\/h3>\n\t\t\t\t\t<\/div>\n\t\t\t\t<\/a>\n\t\t\t<\/div>\n\t\t\t\t\t\t\t\t<\/div>\n\t\t<div class=\"sauce-recipes-button\">\n\t\t\t<a class=\"button\" href=\"https:\/\/tabasco.ch\/fr\/recettes\/\">Toutes les recettes au TABASCO\u00ae<\/a>\n\t\t<\/div>\n\t<\/div>\n<\/div>[\/vc_column_text][\/vc_column_inner][\/vc_row_inner][\/vc_column][\/vc_row]<\/p>\n<\/div>","protected":false},"excerpt":{"rendered":"<p>[vc_row full_width=\u00a0\u00bbstretch_row_content_no_spaces\u00a0\u00bb][vc_column][vc_column_text][\/vc_column_text][\/vc_column][\/vc_row][vc_row full_width=\u00a0\u00bbstretch_row\u00a0\u00bb css=\u00a0\u00bb.vc_custom_1613132645051{background-color: #ffffff !important;}\u00a0\u00bb][vc_column][vc_empty_space height=\u00a0\u00bb40px\u00a0\u00bb][vc_column_text] Sauces de la marque TABASCO\u00ae [\/vc_column_text][vc_empty_space height=\u00a0\u00bb20px\u00a0\u00bb][vc_column_text]TABASCO\u00ae est plus qu\u2019une simple sauce piquante rouge. Elle se d\u00e9cline d\u2019ailleurs en 5\u00a0vari\u00e9t\u00e9s diff\u00e9rentes: chacune d\u2019entre elles est unique en son genre et apporte une touche particuli\u00e8re \u00e0 vos plats. C\u2019est l\u2019entreprise McIlhenny qui fabrique la sauce piquante TABASCO\u00ae depuis 1868. &#8230; <a title=\"Sweet Potatoes\" class=\"read-more\" href=\"https:\/\/tabasco.ch\/fr\/recettes\/sweet-potatoes\/\" aria-label=\"Read more about Sweet Potatoes\">Read more<\/a><\/p>\n","protected":false},"author":1024,"featured_media":0,"parent":0,"menu_order":0,"comment_status":"closed","ping_status":"closed","template":"","meta":{"_acf_changed":false,"footnotes":""},"acf":[],"_links":{"self":[{"href":"https:\/\/tabasco.ch\/fr\/wp-json\/wp\/v2\/pages\/1534"}],"collection":[{"href":"https:\/\/tabasco.ch\/fr\/wp-json\/wp\/v2\/pages"}],"about":[{"href":"https:\/\/tabasco.ch\/fr\/wp-json\/wp\/v2\/types\/page"}],"author":[{"embeddable":true,"href":"https:\/\/tabasco.ch\/fr\/wp-json\/wp\/v2\/users\/1024"}],"replies":[{"embeddable":true,"href":"https:\/\/tabasco.ch\/fr\/wp-json\/wp\/v2\/comments?post=1534"}],"version-history":[{"count":0,"href":"https:\/\/tabasco.ch\/fr\/wp-json\/wp\/v2\/pages\/1534\/revisions"}],"wp:attachment":[{"href":"https:\/\/tabasco.ch\/fr\/wp-json\/wp\/v2\/media?parent=1534"}],"curies":[{"name":"wp","href":"https:\/\/api.w.org\/{rel}","templated":true}]}}