{"id":908,"date":"2021-02-11T15:12:02","date_gmt":"2021-02-11T14:12:02","guid":{"rendered":"https:\/\/tabasco.ch\/?page_id=908"},"modified":"2021-05-15T19:52:27","modified_gmt":"2021-05-15T17:52:27","slug":"herstellung","status":"publish","type":"page","link":"https:\/\/tabasco.ch\/de\/ueber-uns\/herstellung\/","title":{"rendered":"Herstellung"},"content":{"rendered":"<div class=\"wpb-content-wrapper\"><p>[vc_row full_width=&#8220;stretch_row_content_no_spaces&#8220;][vc_column][vc_column_text]<div id=\"hero\">\n        <div class=\"hero-wrapper hero-image\" style=\"background-image: url(https:\/\/tabasco.ch\/wp-content\/uploads\/tabasco.ch-tabasco-brand-sauces-about-us-production-process-fields-header-web.jpg);\">\n        <div class=\"hero-title\">    \n            <h1>Herstellung<\/h1>\n        <\/div>\n    <\/div>\n<\/div>[\/vc_column_text][\/vc_column][\/vc_row][vc_row full_width=&#8220;stretch_row&#8220; css=&#8220;.vc_custom_1613039411040{background-color: #ffffff !important;}&#8220; el_class=&#8220;intro&#8220;][vc_column][vc_empty_space height=&#8220;40px&#8220;][vc_row_inner][vc_column_inner][vc_column_text]<\/p>\n<h2>TABASCO\u00ae Original Red Pepper Sauce wird aus nur drei nat\u00fcrlichen Zutaten hergestellt<\/h2>\n<p>Bis zur Abf\u00fcllung reift sie bis zu drei Jahre lang in alten Eichenf\u00e4ssern auf Avery Island, Louisiana. Das Rezept stammt von Edmund McIlhenny aus dem Jahre 1868 und wird von der Familie McIlhenny seit 150 Jahren fast unver\u00e4ndert angewendet.[\/vc_column_text][\/vc_column_inner][\/vc_row_inner][vc_empty_space height=&#8220;40px&#8220;][\/vc_column][\/vc_row][vc_row][vc_column][vc_empty_space height=&#8220;40px&#8220;][\/vc_column][\/vc_row][vc_row el_class=&#8220;content-block text-white&#8220; css=&#8220;.vc_custom_1613130451354{background-color: #2a2a2a !important;}&#8220;][vc_column][vc_empty_space height=&#8220;40px&#8220;][vc_column_text]<\/p>\n<h2 style=\"text-align: center;\">3 nat\u00fcrliche Zutaten, 3 Jahre gereift<\/h2>\n<p>[\/vc_column_text][vc_empty_space height=&#8220;40px&#8220;][vc_row_inner equal_height=&#8220;yes&#8220; content_placement=&#8220;top&#8220; el_class=&#8220;content-block-ingredients text-white&#8220;][vc_column_inner width=&#8220;1\/4&#8243;][vc_single_image image=&#8220;431&#8243; img_size=&#8220;200&#215;400&#8243; alignment=&#8220;center&#8220;][vc_empty_space height=&#8220;20px&#8220;][\/vc_column_inner][vc_column_inner width=&#8220;1\/3&#8243;][vc_column_text]<\/p>\n<div class=\"spacer-block-top\"><\/div>\n<p>[\/vc_column_text][vc_single_image image=&#8220;1003&#8243; img_size=&#8220;full&#8220; alignment=&#8220;center&#8220;][vc_column_text]<\/p>\n<h3 style=\"text-align: left;\">Rote Chilis<\/h3>\n<p style=\"text-align: left;\">Nur die besten, reifen Schoten werden ausgew\u00e4hlt<\/p>\n<p>[\/vc_column_text][vc_column_text]<\/p>\n<div class=\"spacer-block-middle\"><\/div>\n<p>[\/vc_column_text][vc_single_image image=&#8220;1004&#8243; img_size=&#8220;full&#8220; alignment=&#8220;center&#8220;][vc_column_text]<\/p>\n<h3 style=\"text-align: left;\">Salz<\/h3>\n<p style=\"text-align: left;\">Mit Salz direkt von Avery Island<\/p>\n<p>[\/vc_column_text][\/vc_column_inner][vc_column_inner width=&#8220;1\/3&#8243;][vc_column_text]<\/p>\n<div class=\"spacer-block-top\"><\/div>\n<p>[\/vc_column_text][vc_single_image image=&#8220;1002&#8243; img_size=&#8220;full&#8220; alignment=&#8220;center&#8220;][vc_column_text]<\/p>\n<h3 style=\"text-align: left;\">Essig<\/h3>\n<p style=\"text-align: left;\">Hochwertiger Essig gibt die richtige W\u00fcrze<\/p>\n<p>[\/vc_column_text][vc_column_text]<\/p>\n<div class=\"spacer-block-middle\"><\/div>\n<p>[\/vc_column_text][vc_single_image image=&#8220;1005&#8243; img_size=&#8220;full&#8220; alignment=&#8220;center&#8220;][vc_column_text]<\/p>\n<h3 style=\"text-align: left;\">Lagerung in Eichenf\u00e4ssern<\/h3>\n<p style=\"text-align: left;\">3 Jahre Reifezeit verleihen den unnachahmlichen Geschmack<\/p>\n<p>[\/vc_column_text][\/vc_column_inner][vc_column_inner width=&#8220;1\/12&#8243;][\/vc_column_inner][\/vc_row_inner][vc_empty_space height=&#8220;40px&#8220;][\/vc_column][\/vc_row][vc_row][vc_column][vc_empty_space height=&#8220;20px&#8220;][\/vc_column][\/vc_row][vc_row gap=&#8220;20&#8243; equal_height=&#8220;yes&#8220; content_placement=&#8220;middle&#8220; el_class=&#8220;content-block reverse-row&#8220;][vc_column width=&#8220;1\/2&#8243;][vc_empty_space height=&#8220;20px&#8220;][vc_single_image image=&#8220;947&#8243; img_size=&#8220;full&#8220; alignment=&#8220;center&#8220;][vc_empty_space height=&#8220;20px&#8220;][\/vc_column][vc_column width=&#8220;1\/2&#8243;][vc_empty_space height=&#8220;20px&#8220;][vc_column_text]<\/p>\n<h2>Der Schl\u00fcssel zu allem:<br \/>\nDie Tabasco Chilisamen<\/h2>\n<p>Avery Island, das kleine, unber\u00fchrte Fleckchen Erde im S\u00fcden der USA, ist seit 1868 die Heimat der TABASCO<sup>\u00ae<\/sup> Sauce. Die private Insel ist seit Generationen im Familienbesitz der McIlhennys, die hier nicht nur die ber\u00fchmte TABASCO<sup>\u00ae<\/sup> Sauce herstellen sondern auch eine Saatgutfarm betreiben. Alle Chilisamen stammen von der Ernte der auf der Insel angebauten Pflanzen.<\/p>\n<p>Die Samen sind so kostbar, dass sie jedes Jahr getrocknet und in einem Tresor auf Avery Island aufbewahrt werden \u2013 so bleibt das Saatgut sicher gesch\u00fctzt und kann im n\u00e4chsten Jahr zu den Anbaugebieten in der ganzen Welt verschickt werden![\/vc_column_text][vc_empty_space height=&#8220;20px&#8220;][\/vc_column][\/vc_row][vc_row][vc_column][vc_empty_space height=&#8220;20px&#8220;][\/vc_column][\/vc_row][vc_row full_width=&#8220;stretch_row&#8220; css=&#8220;.vc_custom_1613125067669{background-image: url(https:\/\/tabasco.ch\/wp-content\/uploads\/tabasco.ch-tabasco-brand-sauces-about-us-production-process-ernte-header-web.jpg?id=955) !important;background-position: center !important;background-repeat: no-repeat !important;background-size: cover !important;}&#8220;][vc_column][vc_empty_space height=&#8220;80px&#8220;][vc_row_inner el_class=&#8220;content-block&#8220; css=&#8220;.vc_custom_1613053937245{background-color: rgba(255,255,255,0.75) !important;*background-color: rgb(255,255,255) !important;}&#8220;][vc_column_inner][vc_empty_space height=&#8220;40px&#8220;][vc_column_text]<\/p>\n<h2 style=\"text-align: center;\">Ab aufs Feld: Anpflanzung und Ernte<\/h2>\n<p style=\"text-align: center;\">Jeden Fr\u00fchling werden die Chilisamen in einem Gew\u00e4chshaus ausges\u00e4t. Nur wenn ein Familienmitglied sie f\u00fcr perfekt h\u00e4lt, werden die Setzlinge auf den Feldern von Avery Island ausgepflanzt, wo sie w\u00e4hrend der heissen Fr\u00fchlings- und Sommermonate bl\u00fchen. Die Chilis beginnen im Sp\u00e4tsommer den perfekten Farbton, ein tiefes Rot, zu erreichen. Nur reife Chilis mit genau dem richtigen Rotton werden in dieser Zeit von Hand geerntet.<\/p>\n<p>[\/vc_column_text][vc_empty_space height=&#8220;40px&#8220;][\/vc_column_inner][\/vc_row_inner][vc_empty_space height=&#8220;40px&#8220;][\/vc_column][\/vc_row][vc_row][vc_column][vc_empty_space height=&#8220;40px&#8220;][\/vc_column][\/vc_row][vc_row gap=&#8220;20&#8243; equal_height=&#8220;yes&#8220; content_placement=&#8220;middle&#8220; el_class=&#8220;content-block&#8220;][vc_column width=&#8220;1\/2&#8243;][vc_empty_space height=&#8220;20px&#8220;][vc_column_text]<\/p>\n<h2>Alles ein Frage der Zeit:<br \/>\nDie Maische<\/h2>\n<p>Nach der Handlese werden die frischen Chilischoten p\u00fcriert und am selben Tag mit Salz vermengt. Diese Chili-Maische wird dann in Eichenf\u00e4sser gef\u00fcllt. Die Fassoberseiten werden mit Salz bedeckt, um eine nat\u00fcrliche Schutzbarriere zu bilden und den Fermentationsprozess zu erm\u00f6glichen. Die Maische, die \u00fcbrigens zehnmal so scharf ist wie das Endprodukt, reift im so genannten \u00abBarrel Warehouse\u00bb bis zu drei Jahre in den F\u00e4ssern. Dabei entwickelt sie den einzigartigen Geschmack, der die TABASCO<sup>\u00ae<\/sup> Sauce so besonders macht.[\/vc_column_text][vc_empty_space height=&#8220;20px&#8220;][\/vc_column][vc_column width=&#8220;1\/2&#8243;][vc_empty_space height=&#8220;20px&#8220;][vc_single_image image=&#8220;950&#8243; img_size=&#8220;full&#8220; alignment=&#8220;center&#8220;][vc_empty_space height=&#8220;20px&#8220;][\/vc_column][\/vc_row][vc_row][vc_column][vc_empty_space height=&#8220;20px&#8220;][\/vc_column][\/vc_row][vc_row full_width=&#8220;stretch_row&#8220; css=&#8220;.vc_custom_1613125077585{background-image: url(https:\/\/tabasco.ch\/wp-content\/uploads\/tabasco.ch-tabasco-brand-sauces-about-us-production-process-kontrolle-header-web.jpg?id=956) !important;background-position: center !important;background-repeat: no-repeat !important;background-size: cover !important;}&#8220;][vc_column][vc_empty_space height=&#8220;80px&#8220;][vc_row_inner css=&#8220;.vc_custom_1613054008281{background-color: rgba(255,255,255,0.75) !important;*background-color: rgb(255,255,255) !important;}&#8220;][vc_column_inner][vc_empty_space height=&#8220;40px&#8220;][vc_column_text]<\/p>\n<h2 style=\"text-align: center;\">Vertrauen ist gut, Kontrolle ist besser<\/h2>\n<p style=\"text-align: center;\">Die F\u00e4sser mit der fermentierten Maische werden t\u00e4glich von einem Mitglied der McIlhenny-Familie im Barrel Warehouse kontrolliert, bevor sie zur Weiterverarbeitung f\u00fcr die Tagesproduktion zugelassen werden.<\/p>\n<p>[\/vc_column_text][vc_empty_space height=&#8220;40px&#8220;][\/vc_column_inner][\/vc_row_inner][vc_empty_space height=&#8220;80px&#8220;][\/vc_column][\/vc_row][vc_row][vc_column][vc_empty_space height=&#8220;40px&#8220;][\/vc_column][\/vc_row][vc_row gap=&#8220;20&#8243; equal_height=&#8220;yes&#8220; content_placement=&#8220;middle&#8220; el_class=&#8220;content-block reverse-row&#8220;][vc_column width=&#8220;1\/2&#8243;][vc_empty_space height=&#8220;20px&#8220;][vc_single_image image=&#8220;953&#8243; img_size=&#8220;full&#8220; alignment=&#8220;center&#8220;][vc_empty_space height=&#8220;20px&#8220;][\/vc_column][vc_column width=&#8220;1\/2&#8243;][vc_empty_space height=&#8220;20px&#8220;][vc_column_text]<\/p>\n<h2>Auf die Mischung kommt es an<\/h2>\n<p>Die sorgf\u00e4ltig gepr\u00fcfte und f\u00fcr perfekt befundene Maische wird nun 28 Tage lang mit hochwertigem Essig vermischt. Danach werden Fruchtfleisch und Samen behutsam herausgefiltert. So bleibt nur die feine rote Sauce zur\u00fcck.<\/p>\n<p>Die fertige TABASCO<sup>\u00ae<\/sup> Sauce wird nun in die ikonischen Flaschen abgef\u00fcllt, in 22 verschiedenen Sprachen etikettiert und f\u00fcr den Versand in \u00fcber 185 L\u00e4nder und Gebiete auf der ganzen Welt vorbereitet.[\/vc_column_text][vc_empty_space height=&#8220;20px&#8220;][\/vc_column][\/vc_row][vc_row][vc_column][vc_empty_space height=&#8220;20px&#8220;][\/vc_column][\/vc_row]<\/p>\n<\/div>","protected":false},"excerpt":{"rendered":"<p>[vc_row full_width=&#8220;stretch_row_content_no_spaces&#8220;][vc_column][vc_column_text][\/vc_column_text][\/vc_column][\/vc_row][vc_row full_width=&#8220;stretch_row&#8220; css=&#8220;.vc_custom_1613039411040{background-color: #ffffff !important;}&#8220; el_class=&#8220;intro&#8220;][vc_column][vc_empty_space height=&#8220;40px&#8220;][vc_row_inner][vc_column_inner][vc_column_text] TABASCO\u00ae Original Red Pepper Sauce wird aus nur drei nat\u00fcrlichen Zutaten hergestellt Bis zur Abf\u00fcllung reift sie bis zu drei Jahre lang in alten Eichenf\u00e4ssern auf Avery Island, Louisiana. Das Rezept stammt von Edmund McIlhenny aus dem Jahre 1868 und wird von der Familie McIlhenny seit 150 &#8230; <a title=\"Herstellung\" class=\"read-more\" href=\"https:\/\/tabasco.ch\/de\/ueber-uns\/herstellung\/\" aria-label=\"Read more about Herstellung\">Read more<\/a><\/p>\n","protected":false},"author":1024,"featured_media":0,"parent":373,"menu_order":10,"comment_status":"closed","ping_status":"closed","template":"","meta":{"_acf_changed":false,"footnotes":""},"acf":[],"_links":{"self":[{"href":"https:\/\/tabasco.ch\/de\/wp-json\/wp\/v2\/pages\/908"}],"collection":[{"href":"https:\/\/tabasco.ch\/de\/wp-json\/wp\/v2\/pages"}],"about":[{"href":"https:\/\/tabasco.ch\/de\/wp-json\/wp\/v2\/types\/page"}],"author":[{"embeddable":true,"href":"https:\/\/tabasco.ch\/de\/wp-json\/wp\/v2\/users\/1024"}],"replies":[{"embeddable":true,"href":"https:\/\/tabasco.ch\/de\/wp-json\/wp\/v2\/comments?post=908"}],"version-history":[{"count":0,"href":"https:\/\/tabasco.ch\/de\/wp-json\/wp\/v2\/pages\/908\/revisions"}],"up":[{"embeddable":true,"href":"https:\/\/tabasco.ch\/de\/wp-json\/wp\/v2\/pages\/373"}],"wp:attachment":[{"href":"https:\/\/tabasco.ch\/de\/wp-json\/wp\/v2\/media?parent=908"}],"curies":[{"name":"wp","href":"https:\/\/api.w.org\/{rel}","templated":true}]}}