{"id":590,"date":"2021-02-03T10:37:21","date_gmt":"2021-02-03T09:37:21","guid":{"rendered":"https:\/\/tabasco.ch\/?page_id=590"},"modified":"2023-10-31T09:13:31","modified_gmt":"2023-10-31T08:13:31","slug":"impressum","status":"publish","type":"page","link":"https:\/\/tabasco.ch\/de\/impressum\/","title":{"rendered":"Impressum"},"content":{"rendered":"<div class=\"wpb-content-wrapper\"><p>[vc_row][vc_column][vc_empty_space height=&#8220;40px&#8220;][\/vc_column][\/vc_row][vc_row][vc_column][vc_column_text]<\/p>\n<h1>Impressum<\/h1>\n<p>[\/vc_column_text][\/vc_column][\/vc_row][vc_row][vc_column][vc_empty_space height=&#8220;40px&#8220;][\/vc_column][\/vc_row][vc_row][vc_column][vc_column_text]<\/p>\n<h2>Kontakt-Adresse<\/h2>\n<p><strong>Haecky Import AG<\/strong><br \/>\nDuggingerstrasse 15<br \/>\nCH-4153 Reinach BL<\/p>\n<p>E: <a href=\"mailto:haecky@haecky.ch\">haecky@haecky.ch<\/a><br \/>\nT: <a href=\"tel:+41617168181\">+41 (0)61 716 81 81<\/a><\/p>\n<h2>Handelsregister-Eintrag<\/h2>\n<p>Eingetragener Firmenname:\u00a0<strong>Haecky Import AG<\/strong><br \/>\nHandelsregister Nr: <strong>CH-280.3.915.016-5<br \/>\n<\/strong>Mehrwertsteuer-Nr.:\u00a0 <strong>CHE-101.795.472<\/strong><\/p>\n<h2>Haftungsausschluss<\/h2>\n<p>Der Autor \u00fcbernimmt keinerlei Gew\u00e4hr hinsichtlich der inhaltlichen Richtigkeit, Genauigkeit, Aktualit\u00e4t, Zuverl\u00e4ssigkeit und Vollst\u00e4ndigkeit der Informationen.<br \/>\nHaftungsanspr\u00fcche gegen den Autor wegen Sch\u00e4den materieller oder immaterieller Art, welche aus dem Zugriff oder der Nutzung bzw. Nichtnutzung der ver\u00f6ffentlichten Informationen, durch Missbrauch der Verbindung oder durch technische St\u00f6rungen entstanden sind, werden ausgeschlossen.<br \/>\nAlle Angebote sind unverbindlich. Der Autor beh\u00e4lt es sich ausdr\u00fccklich vor, Teile der Seiten oder das gesamte Angebot ohne besondere Ank\u00fcndigung zu ver\u00e4ndern, zu erg\u00e4nzen, zu l\u00f6schen oder die Ver\u00f6ffentlichung zeitweise oder endg\u00fcltig einzustellen.<\/p>\n<h2>Haftungsausschluss f\u00fcr Links<\/h2>\n<p>Verweise und Links auf Webseiten Dritter liegen ausserhalb unseres Verantwortungsbereichs. Es wird jegliche Verantwortung f\u00fcr solche Webseiten abgelehnt. Der Zugriff und die Nutzung solcher Webseiten erfolgen auf eigene Gefahr des jeweiligen Nutzers.<\/p>\n<h2>Urheberrechte<\/h2>\n<p>Die Urheber- und alle anderen Rechte an Inhalten, Bildern, Fotos oder anderen Dateien auf dieser Website, geh\u00f6ren ausschliesslich\u00a0<strong>der Firma Haecky Import AG<\/strong>\u00a0oder den speziell genannten Rechteinhabern. F\u00fcr die Reproduktion jeglicher Elemente ist die schriftliche Zustimmung des Urheberrechtstr\u00e4gers im Voraus einzuholen.[\/vc_column_text][\/vc_column][\/vc_row][vc_row][vc_column][vc_empty_space height=&#8220;40px&#8220;][\/vc_column][\/vc_row]<\/p>\n<\/div>","protected":false},"excerpt":{"rendered":"<p>[vc_row][vc_column][vc_empty_space height=&#8220;40px&#8220;][\/vc_column][\/vc_row][vc_row][vc_column][vc_column_text] Impressum [\/vc_column_text][\/vc_column][\/vc_row][vc_row][vc_column][vc_empty_space height=&#8220;40px&#8220;][\/vc_column][\/vc_row][vc_row][vc_column][vc_column_text] Kontakt-Adresse Haecky Import AG Duggingerstrasse 15 CH-4153 Reinach BL E: haecky@haecky.ch T: +41 (0)61 716 81 81 Handelsregister-Eintrag Eingetragener Firmenname:\u00a0Haecky Import AG Handelsregister Nr: CH-280.3.915.016-5 Mehrwertsteuer-Nr.:\u00a0 CHE-101.795.472 Haftungsausschluss Der Autor \u00fcbernimmt keinerlei Gew\u00e4hr hinsichtlich der inhaltlichen Richtigkeit, Genauigkeit, Aktualit\u00e4t, Zuverl\u00e4ssigkeit und Vollst\u00e4ndigkeit der Informationen. Haftungsanspr\u00fcche gegen den Autor wegen Sch\u00e4den &#8230; <a title=\"Impressum\" class=\"read-more\" href=\"https:\/\/tabasco.ch\/de\/impressum\/\" aria-label=\"Read more about Impressum\">Read more<\/a><\/p>\n","protected":false},"author":1024,"featured_media":0,"parent":0,"menu_order":8888,"comment_status":"closed","ping_status":"closed","template":"","meta":{"_acf_changed":false,"footnotes":""},"acf":[],"_links":{"self":[{"href":"https:\/\/tabasco.ch\/de\/wp-json\/wp\/v2\/pages\/590"}],"collection":[{"href":"https:\/\/tabasco.ch\/de\/wp-json\/wp\/v2\/pages"}],"about":[{"href":"https:\/\/tabasco.ch\/de\/wp-json\/wp\/v2\/types\/page"}],"author":[{"embeddable":true,"href":"https:\/\/tabasco.ch\/de\/wp-json\/wp\/v2\/users\/1024"}],"replies":[{"embeddable":true,"href":"https:\/\/tabasco.ch\/de\/wp-json\/wp\/v2\/comments?post=590"}],"version-history":[{"count":1,"href":"https:\/\/tabasco.ch\/de\/wp-json\/wp\/v2\/pages\/590\/revisions"}],"predecessor-version":[{"id":1882,"href":"https:\/\/tabasco.ch\/de\/wp-json\/wp\/v2\/pages\/590\/revisions\/1882"}],"wp:attachment":[{"href":"https:\/\/tabasco.ch\/de\/wp-json\/wp\/v2\/media?parent=590"}],"curies":[{"name":"wp","href":"https:\/\/api.w.org\/{rel}","templated":true}]}}