{"id":19,"date":"2019-08-15T13:46:29","date_gmt":"2019-08-15T11:46:29","guid":{"rendered":"https:\/\/tabasco.ch\/?page_id=19"},"modified":"2021-11-05T07:37:07","modified_gmt":"2021-11-05T06:37:07","slug":"tabasco-schweiz","status":"publish","type":"page","link":"https:\/\/tabasco.ch\/de\/","title":{"rendered":"Startseite"},"content":{"rendered":"<div class=\"wpb-content-wrapper\"><p>[vc_row full_width=&#8220;stretch_row_content_no_spaces&#8220;][vc_column][vc_column_text]<div id=\"hero-block\">\n    <div class=\"hero-wrapper\">\n            <div class=\"hero-block-video-wrapper\">\n            <video id=\"hero-video\" width=\"100%\" height=\"auto\" muted=\"\" loop=\"\" autoplay=\"\" autobuffer=\"\" playsinline=\"\" preload=\"\">\n                <source poster=\"\" src=\"https:\/\/tabasco.ch\/wp-content\/uploads\/tabasco-ch-flavour-your-world-15-final.mp4\" type=\"video\/mp4\">\n            <\/video>\n        <\/div>\n            <\/div>\n        <div class=\"hero-block-title\">    \n            <h1>Seit \u00fcber 150 Jahren der Kick f\u00fcr Ihre K\u00fcche!<\/h1>\n            <h2><\/h2>\n        <\/div>\n    <\/div>\n<\/div>[\/vc_column_text][\/vc_column][\/vc_row][vc_row full_width=&#8220;stretch_row&#8220; css=&#8220;.vc_custom_1613132645051{background-color: #ffffff !important;}&#8220;][vc_column][vc_empty_space height=&#8220;40px&#8220;][vc_column_text]<\/p>\n<h2>TABASCO\u00ae Brand Saucen<\/h2>\n<p>[\/vc_column_text][vc_empty_space height=&#8220;20px&#8220;][vc_column_text]TABASCO\u00ae ist mehr als eine scharfe rote Sauce, genau genommen gibt es 5 verschiedene Geschmacksrichtungen und jede Einzelne ist speziell, einzigartig und verleiht Gerichten den gewissen Kick.<\/p>\n<p>Die TABASCO\u00ae Brand Pepper Sauce wird seit 1868 von der Firma McIlhenny produziert. Das bis heute g\u00fcltige Originalrezept stammt vom Familienpatriarchen Edmund McIlhenny, der die ersten roten Chilipflanzen in den sechziger Jahren des neunzehnten Jahrhunderts auf Avery Island anpflanzte.<\/p>\n<p>Die TABASCO\u00ae Brand Pepper Sauce besteht aus drei einfachen Bestandteilen: voll ausgereifte rote Chilischoten, Branntweinessig und etwas Salz, das direkt auf Avery Island gewonnen wird. TABASCO\u00ae Brand Pepper Sauce ist damit ein reines Naturprodukt.[\/vc_column_text][vc_empty_space height=&#8220;40px&#8220;][\/vc_column][\/vc_row][vc_row][vc_column][vc_empty_space height=&#8220;40px&#8220;][\/vc_column][\/vc_row][vc_row][vc_column][vc_column_text]<div class=\"home-block\">\n    <div class=\"row\">\n                    <a class=\"column-wrapper\" href=\"https:\/\/tabasco.ch\/de\/unsere-saucen\/\">\n                    <div class=\"column\" style=\"background-image: url('https:\/\/tabasco.ch\/wp-content\/uploads\/tabasco.ch-tabasco-brand-sauces-group-header-web.jpg') ;\">\n                <h2>Unsere Saucen<\/h2>\n            <\/div>\n        <\/a>\n                            <a class=\"column-wrapper\" href=\"https:\/\/tabasco.ch\/de\/tabasco-snacks\/\">\n                    <div class=\"column\" style=\"background-image: url('https:\/\/tabasco.ch\/wp-content\/uploads\/tabasco.ch-tabasco-brand-snacks-neu.jpg') ;\">\n                <h2>TABASCO\u00ae Snacks<\/h2>\n            <\/div>\n        <\/a>\n                            <a class=\"column-wrapper\" href=\"https:\/\/tabasco.ch\/de\/ueber-uns\/\">\n                    <div class=\"column\" style=\"background-image: url('https:\/\/tabasco.ch\/wp-content\/uploads\/tabasco.ch-tabasco-brand-sauces-about-us-avery-island-field-header-web.jpg') ;\">\n                <h2>Avery Island \u2013\u00a0Die Chili Insel<\/h2>\n            <\/div>\n        <\/a>\n                            <a class=\"column-wrapper\" href=\"https:\/\/tabasco.ch\/de\/ueber-uns\/herstellung\/\">\n                    <div class=\"column\" style=\"background-image: url('https:\/\/tabasco.ch\/wp-content\/uploads\/tabasco.ch-tabasco-brand-sauces-about-us-production-process-fields-header-web.jpg') ;\">\n                <h2>Zur Herstellung unserer Saucen<\/h2>\n            <\/div>\n        <\/a>\n                <\/div>\n<\/div>\n[\/vc_column_text][\/vc_column][\/vc_row][vc_row full_width=&#8220;stretch_row&#8220; css=&#8220;.vc_custom_1612941111540{background-color: #ffffff !important;}&#8220;][vc_column][vc_row_inner][vc_column_inner][vc_column_text]<div class=\"sauce-recipes-latest\"> \n\t<div class=\"sauce-recipes-wrapper\">\n\t<h2>Unsere neusten Rezepte<\/h2>\t\n\t  \n\t\t\t\t<div class=\"recipe-card-wrapper\"> \n\t\t \n\t\t\t<div class=\"recipe-card\">  \n\t\t\t\t<a href=\"https:\/\/tabasco.ch\/de\/rezepte\/chicken-pho\/\"> \n\t\t\t\t\t<div class=\"recipe-card-header-image\">\n\t\t\t\t\t\t<img decoding=\"async\" src=\"https:\/\/tabasco.ch\/wp-content\/uploads\/tabasco.ch-tabasco-brand-sauces-recipes-chicken-pho-soup-sriracha-sauce-header-web.jpg\" alt=\"\" \/>\n\t\t\t\t\t<\/div> \n\t\t\t\t    <div class=\"recipe-card-content\">\n\t\t\t\t\t\t<h3>Chicken Pho<\/h3>\n\t\t\t\t\t<\/div>\n\t\t\t\t<\/a>\n\t\t\t<\/div>\n\t\t \n\t\t\t<div class=\"recipe-card\">  \n\t\t\t\t<a href=\"https:\/\/tabasco.ch\/de\/rezepte\/fried-rice\/\"> \n\t\t\t\t\t<div class=\"recipe-card-header-image\">\n\t\t\t\t\t\t<img decoding=\"async\" src=\"https:\/\/tabasco.ch\/wp-content\/uploads\/tabasco.ch-tabasco-brand-sauces-recipes-fried-rice-sriracha-sauce-header-web.jpg\" alt=\"\" \/>\n\t\t\t\t\t<\/div> \n\t\t\t\t    <div class=\"recipe-card-content\">\n\t\t\t\t\t\t<h3>Fried Rice<\/h3>\n\t\t\t\t\t<\/div>\n\t\t\t\t<\/a>\n\t\t\t<\/div>\n\t\t \n\t\t\t<div class=\"recipe-card\">  \n\t\t\t\t<a href=\"https:\/\/tabasco.ch\/de\/rezepte\/hummus-avocado-dip\/\"> \n\t\t\t\t\t<div class=\"recipe-card-header-image\">\n\t\t\t\t\t\t<img decoding=\"async\" src=\"https:\/\/tabasco.ch\/wp-content\/uploads\/tabasco.ch-tabasco-brand-sauces-recipes-hummus-acocado-dip-green-jalapeno-pepper-sauce-header-web.jpg\" alt=\"\" \/>\n\t\t\t\t\t<\/div> \n\t\t\t\t    <div class=\"recipe-card-content\">\n\t\t\t\t\t\t<h3>Hummus Avocado Dip<\/h3>\n\t\t\t\t\t<\/div>\n\t\t\t\t<\/a>\n\t\t\t<\/div>\n\t\t \n\t\t\t<div class=\"recipe-card\">  \n\t\t\t\t<a href=\"https:\/\/tabasco.ch\/de\/rezepte\/suesskartoffeln\/\"> \n\t\t\t\t\t<div class=\"recipe-card-header-image\">\n\t\t\t\t\t\t<img decoding=\"async\" src=\"https:\/\/tabasco.ch\/wp-content\/uploads\/tabasco.ch-tabasco-brand-sauces-recipes-suesskartoffeln-green-jalapeno-pepper-sauce-header-web.jpg\" alt=\"\" \/>\n\t\t\t\t\t<\/div> \n\t\t\t\t    <div class=\"recipe-card-content\">\n\t\t\t\t\t\t<h3>S\u00fcsskartoffeln<\/h3>\n\t\t\t\t\t<\/div>\n\t\t\t\t<\/a>\n\t\t\t<\/div>\n\t\t\t\t\t\t\t\t<\/div>\n\t\t<div class=\"sauce-recipes-button\">\n\t\t\t<a class=\"button\" href=\"https:\/\/tabasco.ch\/de\/rezepte\/\">Alle TABASCO\u00ae Rezepte<\/a>\n\t\t<\/div>\n\t<\/div>\n<\/div>[\/vc_column_text][\/vc_column_inner][\/vc_row_inner][\/vc_column][\/vc_row][vc_row disable_element=&#8220;yes&#8220; css=&#8220;.vc_custom_1636094187842{background-color: #f1f1f1 !important;}&#8220;][vc_column][vc_empty_space height=&#8220;40px&#8220;][vc_column_text]<\/p>\n<h2 style=\"text-align: center;\">News<\/h2>\n<p>[\/vc_column_text][vc_column_text][ff id=&#8220;1&#8243;][\/vc_column_text][vc_empty_space height=&#8220;10px&#8220;][\/vc_column][\/vc_row]<\/p>\n<\/div>","protected":false},"excerpt":{"rendered":"<p>[vc_row full_width=&#8220;stretch_row_content_no_spaces&#8220;][vc_column][vc_column_text][\/vc_column_text][\/vc_column][\/vc_row][vc_row full_width=&#8220;stretch_row&#8220; css=&#8220;.vc_custom_1613132645051{background-color: #ffffff !important;}&#8220;][vc_column][vc_empty_space height=&#8220;40px&#8220;][vc_column_text] TABASCO\u00ae Brand Saucen [\/vc_column_text][vc_empty_space height=&#8220;20px&#8220;][vc_column_text]TABASCO\u00ae ist mehr als eine scharfe rote Sauce, genau genommen gibt es 5 verschiedene Geschmacksrichtungen und jede Einzelne ist speziell, einzigartig und verleiht Gerichten den gewissen Kick. Die TABASCO\u00ae Brand Pepper Sauce wird seit 1868 von der Firma McIlhenny produziert. Das bis heute g\u00fcltige &#8230; <a title=\"S\u00fcsskartoffeln\" class=\"read-more\" href=\"https:\/\/tabasco.ch\/de\/rezepte\/suesskartoffeln\/\" aria-label=\"Read more about S\u00fcsskartoffeln\">Read more<\/a><\/p>\n","protected":false},"author":1024,"featured_media":780,"parent":0,"menu_order":0,"comment_status":"closed","ping_status":"closed","template":"","meta":{"_acf_changed":false,"footnotes":""},"acf":[],"_links":{"self":[{"href":"https:\/\/tabasco.ch\/de\/wp-json\/wp\/v2\/pages\/19"}],"collection":[{"href":"https:\/\/tabasco.ch\/de\/wp-json\/wp\/v2\/pages"}],"about":[{"href":"https:\/\/tabasco.ch\/de\/wp-json\/wp\/v2\/types\/page"}],"author":[{"embeddable":true,"href":"https:\/\/tabasco.ch\/de\/wp-json\/wp\/v2\/users\/1024"}],"replies":[{"embeddable":true,"href":"https:\/\/tabasco.ch\/de\/wp-json\/wp\/v2\/comments?post=19"}],"version-history":[{"count":0,"href":"https:\/\/tabasco.ch\/de\/wp-json\/wp\/v2\/pages\/19\/revisions"}],"wp:featuredmedia":[{"embeddable":true,"href":"https:\/\/tabasco.ch\/de\/wp-json\/wp\/v2\/media\/780"}],"wp:attachment":[{"href":"https:\/\/tabasco.ch\/de\/wp-json\/wp\/v2\/media?parent=19"}],"curies":[{"name":"wp","href":"https:\/\/api.w.org\/{rel}","templated":true}]}}