{"id":1114,"date":"2021-03-23T15:28:22","date_gmt":"2021-03-23T14:28:22","guid":{"rendered":"https:\/\/tabasco.ch\/?page_id=1114"},"modified":"2021-06-25T09:19:11","modified_gmt":"2021-06-25T07:19:11","slug":"tabasco-snacks","status":"publish","type":"page","link":"https:\/\/tabasco.ch\/de\/tabasco-snacks\/","title":{"rendered":"TABASCO\u00ae Snacks"},"content":{"rendered":"<div class=\"wpb-content-wrapper\"><p>[vc_row full_width=&#8220;stretch_row_content_no_spaces&#8220;][vc_column][vc_column_text]<div id=\"hero\">\n        <div class=\"hero-wrapper hero-image\" style=\"background-image: url(https:\/\/tabasco.ch\/wp-content\/uploads\/tabasco.ch-tabasco-brand-snacks-group-header-web.jpg);\">\n        <div class=\"hero-title\">    \n            <h1>Snacks<\/h1>\n        <\/div>\n    <\/div>\n<\/div>[\/vc_column_text][\/vc_column][\/vc_row][vc_row][vc_column][vc_empty_space height=&#8220;40px&#8220;][\/vc_column][\/vc_row][vc_row][vc_column][vc_column_text]<\/p>\n<h2>Der Knabberspass mit dem pikanten Abgang<\/h2>\n<p>[\/vc_column_text][vc_empty_space height=&#8220;20px&#8220;][vc_column_text]JIMMYs Popcorn with Tabasco enth\u00e4lt weniger Fett, Zucker und Salz als herk\u00f6mmliches Popcorn und ist nat\u00fcrlich auch reich an gesunden Ballaststoffen.[\/vc_column_text][\/vc_column][\/vc_row][vc_row][vc_column][vc_empty_space height=&#8220;40px&#8220;][\/vc_column][\/vc_row][vc_row][vc_column][vc_column_text]<div class=\"product-overview\">\n\t<div class=\"product-wrapper\">\n\t\t<h2><\/h2>\n\t\t  \n\t\t<div class=\"product-card-wrapper\"> \n\t     \n\t\t\t<div class=\"product-card-snacks\">    \n\t\t\t\t<a href=\"https:\/\/tabasco.ch\/de\/snacks\/tabasco-brand-sweet-chili-cheese-popcorn\/\">\n\t\t\t\t\t<div class=\"product-card-content-wrapper\">\n\t\t\t\t\t\t<!-- <div class=\"product-card-scoville-rating\">\n\t\t\t\t\t\t\t\t\t\t\t\t\t<img decoding=\"async\" src=\"https:\/\/tabasco.ch\/wp-content\/uploads\/tabasco-scoville-rating-01.svg\" \/>\n\t\t\t\t\t\t\t\t\t\t\t\t<\/div> -->\n\t\t\t\t\t\t<div class=\"product-card-image\">\n\t\t\t\t\t\t\t<img decoding=\"async\" src=\"https:\/\/tabasco.ch\/wp-content\/uploads\/TABASCO-BRAND-Sweet-Chili-Cheese-Popcorn.png\" alt=\"\" \/>\n\t\t\t\t\t\t<\/div>                        \n\t\t\t\t\t\t<div class=\"product-card-content\">      \n\t\t\t\t\t\t\t<h3>Sweet Chili Cheese Popcorn<\/h3>\n\t\t\t\t\t\t\t<p>Genau das richtige f\u00fcr alle, die beim Knabbern eine scharfe Noten sch\u00e4tzen.<\/p>\n\t\t\t\t\t\t<\/div>\n\n\t\t\t\t\t<\/div>    \n\t\t\t\t<\/a>\n\t\t\t<\/div>\n\t\t \n\t\t\t<div class=\"product-card-snacks\">    \n\t\t\t\t<a href=\"https:\/\/tabasco.ch\/de\/snacks\/tabasco-brand-sweet-chili-bbq-popcorn\/\">\n\t\t\t\t\t<div class=\"product-card-content-wrapper\">\n\t\t\t\t\t\t<!-- <div class=\"product-card-scoville-rating\">\n\t\t\t\t\t\t\t\t\t\t\t\t\t<img decoding=\"async\" src=\"https:\/\/tabasco.ch\/wp-content\/uploads\/tabasco-scoville-rating-01.svg\" \/>\n\t\t\t\t\t\t\t\t\t\t\t\t<\/div> -->\n\t\t\t\t\t\t<div class=\"product-card-image\">\n\t\t\t\t\t\t\t<img decoding=\"async\" src=\"https:\/\/tabasco.ch\/wp-content\/uploads\/TABASCO-BRAND-Sweet-Chili-BBQ-Popcorn.png\" alt=\"\" \/>\n\t\t\t\t\t\t<\/div>                        \n\t\t\t\t\t\t<div class=\"product-card-content\">      \n\t\t\t\t\t\t\t<h3>Sweet Chili BBQ Popcorn<\/h3>\n\t\t\t\t\t\t\t<p>Der knusprige Knabberspass mit s\u00fcssem Barbecue-Geschmack und der w\u00fcrzigen Sch\u00e4rfe von Tabasco.<\/p>\n\t\t\t\t\t\t<\/div>\n\n\t\t\t\t\t<\/div>    \n\t\t\t\t<\/a>\n\t\t\t<\/div>\n\t\t\t<\/div>\n<\/div>[\/vc_column_text][\/vc_column][\/vc_row][vc_row][vc_column][vc_empty_space height=&#8220;40px&#8220;][\/vc_column][\/vc_row]<\/p>\n<\/div>","protected":false},"excerpt":{"rendered":"<p>[vc_row full_width=&#8220;stretch_row_content_no_spaces&#8220;][vc_column][vc_column_text][\/vc_column_text][\/vc_column][\/vc_row][vc_row][vc_column][vc_empty_space height=&#8220;40px&#8220;][\/vc_column][\/vc_row][vc_row][vc_column][vc_column_text] Der Knabberspass mit dem pikanten Abgang [\/vc_column_text][vc_empty_space height=&#8220;20px&#8220;][vc_column_text]JIMMYs Popcorn with Tabasco enth\u00e4lt weniger Fett, Zucker und Salz als herk\u00f6mmliches Popcorn und ist nat\u00fcrlich auch reich an gesunden Ballaststoffen.[\/vc_column_text][\/vc_column][\/vc_row][vc_row][vc_column][vc_empty_space height=&#8220;40px&#8220;][\/vc_column][\/vc_row][vc_row][vc_column][vc_column_text][\/vc_column_text][\/vc_column][\/vc_row][vc_row][vc_column][vc_empty_space height=&#8220;40px&#8220;][\/vc_column][\/vc_row]<\/p>\n","protected":false},"author":1024,"featured_media":780,"parent":0,"menu_order":15,"comment_status":"closed","ping_status":"closed","template":"","meta":{"_acf_changed":false,"footnotes":""},"acf":[],"_links":{"self":[{"href":"https:\/\/tabasco.ch\/de\/wp-json\/wp\/v2\/pages\/1114"}],"collection":[{"href":"https:\/\/tabasco.ch\/de\/wp-json\/wp\/v2\/pages"}],"about":[{"href":"https:\/\/tabasco.ch\/de\/wp-json\/wp\/v2\/types\/page"}],"author":[{"embeddable":true,"href":"https:\/\/tabasco.ch\/de\/wp-json\/wp\/v2\/users\/1024"}],"replies":[{"embeddable":true,"href":"https:\/\/tabasco.ch\/de\/wp-json\/wp\/v2\/comments?post=1114"}],"version-history":[{"count":0,"href":"https:\/\/tabasco.ch\/de\/wp-json\/wp\/v2\/pages\/1114\/revisions"}],"wp:featuredmedia":[{"embeddable":true,"href":"https:\/\/tabasco.ch\/de\/wp-json\/wp\/v2\/media\/780"}],"wp:attachment":[{"href":"https:\/\/tabasco.ch\/de\/wp-json\/wp\/v2\/media?parent=1114"}],"curies":[{"name":"wp","href":"https:\/\/api.w.org\/{rel}","templated":true}]}}